{"id":64,"date":"2020-04-18T20:44:24","date_gmt":"2020-04-18T20:44:24","guid":{"rendered":"http:\/\/drumset-regensburg.de\/?page_id=64"},"modified":"2024-02-10T20:55:26","modified_gmt":"2024-02-10T20:55:26","slug":"schlagzeugunterricht-in-regensburg","status":"publish","type":"page","link":"https:\/\/antoninosecchia.com\/en\/musikunterricht-in-regensburg\/schlagzeugunterricht-in-regensburg\/","title":{"rendered":"Schlagzeugunterricht in Regensburg"},"content":{"rendered":"<div class=\"wp-block-cover is-light\"><span aria-hidden=\"true\" class=\"wp-block-cover__background has-background-dim\"><\/span><img decoding=\"async\" loading=\"lazy\" width=\"2560\" height=\"1707\" class=\"wp-block-cover__image-background wp-image-55\" alt=\"\" src=\"http:\/\/drumset-regensburg.de\/wp-content\/uploads\/2020\/04\/drums_Photo-by-Shotlist-on-Unsplash-scaled.jpg\" data-object-fit=\"cover\" srcset=\"https:\/\/antoninosecchia.com\/wp-content\/uploads\/2020\/04\/drums_Photo-by-Shotlist-on-Unsplash-scaled.jpg 2560w, https:\/\/antoninosecchia.com\/wp-content\/uploads\/2020\/04\/drums_Photo-by-Shotlist-on-Unsplash-300x200.jpg 300w, https:\/\/antoninosecchia.com\/wp-content\/uploads\/2020\/04\/drums_Photo-by-Shotlist-on-Unsplash-1024x683.jpg 1024w, https:\/\/antoninosecchia.com\/wp-content\/uploads\/2020\/04\/drums_Photo-by-Shotlist-on-Unsplash-768x512.jpg 768w, https:\/\/antoninosecchia.com\/wp-content\/uploads\/2020\/04\/drums_Photo-by-Shotlist-on-Unsplash-1536x1024.jpg 1536w, https:\/\/antoninosecchia.com\/wp-content\/uploads\/2020\/04\/drums_Photo-by-Shotlist-on-Unsplash-2048x1365.jpg 2048w, https:\/\/antoninosecchia.com\/wp-content\/uploads\/2020\/04\/drums_Photo-by-Shotlist-on-Unsplash-930x620.jpg 930w\" sizes=\"(max-width: 2560px) 100vw, 2560px\" \/><div class=\"wp-block-cover__inner-container\">\n<p class=\"has-text-align-center has-large-font-size\"><mark style=\"background-color:rgba(0, 0, 0, 0)\" class=\"has-inline-color has-nv-light-bg-color\">Schlagzeugunterricht in Regensburg<\/mark><\/p>\n<\/div><\/div>\n\n\n\n<div style=\"height:30px\" aria-hidden=\"true\" class=\"wp-block-spacer\"><\/div>\n\n\n\n<h1 class=\"wp-block-heading has-text-align-center animated pulse has-neve-button-color-color has-text-color\">F\u00fcr Kinder aber auch f\u00fcr Erwachsene. <\/h1>\n\n\n\n<div style=\"height:30px\" aria-hidden=\"true\" class=\"wp-block-spacer\"><\/div>\n\n\n\n<div id=\"wp-block-themeisle-blocks-advanced-columns-cd939eaa\" class=\"wp-block-themeisle-blocks-advanced-columns alignwide has-3-columns has-desktop-equal-layout has-tablet-equal-layout has-mobile-collapsedRows-layout has-vertical-unset has-default-gap animated fadeInDown\"><div class=\"wp-block-themeisle-blocks-advanced-columns-overlay\"><\/div><div class=\"innerblocks-wrap\">\n<div id=\"wp-block-themeisle-blocks-advanced-column-24e2aacd\" class=\"wp-block-themeisle-blocks-advanced-column\">\n<p>Der Unterricht kann so eingestellt werden <strong>dynamisch und individuell<\/strong> und je nach Vorliebe Fokus auf verschiedene Punkte wie: Musikstile, Musiktheorie, spielen in einer Band, Snare Technik\/Rudiments, Play-Alongs und Drumless Songs.<\/p>\n\n\n\n<p>Es ist m\u00f6glich, <strong>Gruppenstunden auch zusammen mit anderen Tools<\/strong> zu vereinbaren.<\/p>\n<\/div>\n\n\n\n<div id=\"wp-block-themeisle-blocks-advanced-column-b61d61f7\" class=\"wp-block-themeisle-blocks-advanced-column\">\n<figure class=\"wp-block-image size-large is-style-default\"><img decoding=\"async\" loading=\"lazy\" width=\"1024\" height=\"683\" src=\"http:\/\/drumset-regensburg.de\/wp-content\/uploads\/2020\/05\/drums-by-stocksnap-at-pixabay-1024x683.jpg\" alt=\"\" class=\"wp-image-147\" srcset=\"https:\/\/antoninosecchia.com\/wp-content\/uploads\/2020\/05\/drums-by-stocksnap-at-pixabay-1024x683.jpg 1024w, https:\/\/antoninosecchia.com\/wp-content\/uploads\/2020\/05\/drums-by-stocksnap-at-pixabay-300x200.jpg 300w, https:\/\/antoninosecchia.com\/wp-content\/uploads\/2020\/05\/drums-by-stocksnap-at-pixabay-768x512.jpg 768w, https:\/\/antoninosecchia.com\/wp-content\/uploads\/2020\/05\/drums-by-stocksnap-at-pixabay-1536x1024.jpg 1536w, https:\/\/antoninosecchia.com\/wp-content\/uploads\/2020\/05\/drums-by-stocksnap-at-pixabay-930x620.jpg 930w, https:\/\/antoninosecchia.com\/wp-content\/uploads\/2020\/05\/drums-by-stocksnap-at-pixabay.jpg 1920w\" sizes=\"(max-width: 1024px) 100vw, 1024px\" \/><\/figure>\n<\/div>\n\n\n\n<div id=\"wp-block-themeisle-blocks-advanced-column-2f3d0ec4\" class=\"wp-block-themeisle-blocks-advanced-column\">\n<figure class=\"wp-block-image size-large is-style-default\"><img decoding=\"async\" loading=\"lazy\" width=\"1024\" height=\"683\" src=\"http:\/\/drumset-regensburg.de\/wp-content\/uploads\/2020\/05\/schlagzeugeunterricht_antonino-secchia-1024x683.jpg\" alt=\"\" class=\"wp-image-148\" srcset=\"https:\/\/antoninosecchia.com\/wp-content\/uploads\/2020\/05\/schlagzeugeunterricht_antonino-secchia-1024x683.jpg 1024w, https:\/\/antoninosecchia.com\/wp-content\/uploads\/2020\/05\/schlagzeugeunterricht_antonino-secchia-300x200.jpg 300w, https:\/\/antoninosecchia.com\/wp-content\/uploads\/2020\/05\/schlagzeugeunterricht_antonino-secchia-768x512.jpg 768w, https:\/\/antoninosecchia.com\/wp-content\/uploads\/2020\/05\/schlagzeugeunterricht_antonino-secchia-1536x1024.jpg 1536w, https:\/\/antoninosecchia.com\/wp-content\/uploads\/2020\/05\/schlagzeugeunterricht_antonino-secchia-930x620.jpg 930w, https:\/\/antoninosecchia.com\/wp-content\/uploads\/2020\/05\/schlagzeugeunterricht_antonino-secchia.jpg 1920w\" sizes=\"(max-width: 1024px) 100vw, 1024px\" \/><\/figure>\n<\/div>\n<\/div><\/div>\n\n\n\n<div id=\"wp-block-themeisle-blocks-advanced-columns-6d5b0e89\" class=\"wp-block-themeisle-blocks-advanced-columns alignwide has-2-columns has-desktop-oneTwo-layout has-tablet-equal-layout has-mobile-collapsedRows-layout has-vertical-center animated fadeInDown\"><div class=\"wp-block-themeisle-blocks-advanced-columns-overlay\"><\/div><div class=\"innerblocks-wrap\">\n<div id=\"wp-block-themeisle-blocks-advanced-column-3462f9d6\" class=\"wp-block-themeisle-blocks-advanced-column\">\n<div class=\"wp-block-group is-layout-flow\"><div class=\"wp-block-group__inner-container\">\n<h2 class=\"wp-block-heading has-white-color has-text-color\">Wie funktioniert es?<\/h2>\n<\/div><\/div>\n<\/div>\n\n\n\n<div id=\"wp-block-themeisle-blocks-advanced-column-2df436aa\" class=\"wp-block-themeisle-blocks-advanced-column\">\n<p class=\"has-text-align-left has-white-color has-text-color\">Der Unterricht findet w\u00f6chentlich oder zweiw\u00f6chentlich statt. Je nach Bedarf und Verf\u00fcgbarkeit ist die Dauer des Unterrichts <strong>zwischen 30<\/strong> (ideal f\u00fcr Kinder und diejenigen, die gerade mit dem Spielen des Instruments begonnen haben), <strong>45 oder 60 Minuten m\u00f6glich<\/strong>.<\/p>\n\n\n\n<h4 class=\"wp-block-heading has-white-color has-text-color\">Der Unterricht kann f\u00fcr Einsteiger oder Fortgeschrittene genommen werden.<\/h4>\n\n\n\n<p class=\"has-white-color has-text-color\">Als reiner Spa\u00df, Leidenschaft oder als Vorbereitung f\u00fcr Aufnahmepr\u00fcfungen an Universit\u00e4t, Musikhochschulen oder Konservatorien.<\/p>\n<\/div>\n<\/div><\/div>\n\n\n\n<div id=\"wp-block-themeisle-blocks-advanced-columns-f9f7a22e\" class=\"wp-block-themeisle-blocks-advanced-columns alignwide has-2-columns has-desktop-oneTwo-layout has-tablet-equal-layout has-mobile-collapsedRows-layout has-vertical-center has-default-gap animated fadeInDown\"><div class=\"wp-block-themeisle-blocks-advanced-columns-overlay\"><\/div><div class=\"innerblocks-wrap\">\n<div id=\"wp-block-themeisle-blocks-advanced-column-28604568\" class=\"wp-block-themeisle-blocks-advanced-column\">\n<h3 class=\"wp-block-heading has-neve-button-color-color has-text-color\">Ich biete spezielle Unterricht f\u00fcr Kinder mit Konzentration Defizit, Musik f\u00fcr ADHS Kindern.<\/h3>\n\n\n\n<p><strong>Trommel spielen ist besser als Tabletten<\/strong>,&nbsp; Musik ist eine Medizine und Ich bin nicht der einzige der sowas sagt. <\/p>\n\n\n\n<p><a href=\"\"><\/a><\/p>\n\n\n\n<p><\/p>\n<\/div>\n\n\n\n<div id=\"wp-block-themeisle-blocks-advanced-column-6c8fd775\" class=\"wp-block-themeisle-blocks-advanced-column\">\n<figure class=\"wp-block-image size-large\"><img decoding=\"async\" loading=\"lazy\" width=\"1024\" height=\"646\" src=\"http:\/\/drumset-regensburg.de\/wp-content\/uploads\/2020\/05\/antonino-secchia_musikunterricht-fur-kinder-1024x646.jpg\" alt=\"\" class=\"wp-image-152\" srcset=\"https:\/\/antoninosecchia.com\/wp-content\/uploads\/2020\/05\/antonino-secchia_musikunterricht-fur-kinder-1024x646.jpg 1024w, https:\/\/antoninosecchia.com\/wp-content\/uploads\/2020\/05\/antonino-secchia_musikunterricht-fur-kinder-300x189.jpg 300w, https:\/\/antoninosecchia.com\/wp-content\/uploads\/2020\/05\/antonino-secchia_musikunterricht-fur-kinder-768x485.jpg 768w, https:\/\/antoninosecchia.com\/wp-content\/uploads\/2020\/05\/antonino-secchia_musikunterricht-fur-kinder-1536x970.jpg 1536w, https:\/\/antoninosecchia.com\/wp-content\/uploads\/2020\/05\/antonino-secchia_musikunterricht-fur-kinder.jpg 1920w\" sizes=\"(max-width: 1024px) 100vw, 1024px\" \/><\/figure>\n<\/div>\n<\/div><\/div>\n\n\n\n<div id=\"wp-block-themeisle-blocks-advanced-columns-cc82a2b4\" class=\"wp-block-themeisle-blocks-advanced-columns has-2-columns has-desktop-oneTwo-layout has-tablet-equal-layout has-mobile-collapsedRows-layout has-vertical-unset has-default-gap\"><div class=\"wp-block-themeisle-blocks-advanced-columns-overlay\"><\/div><div class=\"innerblocks-wrap\">\n<div id=\"wp-block-themeisle-blocks-advanced-column-b899173f\" class=\"wp-block-themeisle-blocks-advanced-column animated pulse\">\n<h4 class=\"wp-block-heading\">Mit einem Anruf oder einer Email erh\u00e4ltst Du sofort eine Probestunde, die ist kostenlos \ud83d\ude42<\/h4>\n\n\n\n<p><\/p>\n\n\n\n<p>Rufen Sie  mich an (+49 0176 841 063 46), oder schreiben Sie mir per E-Mail an antonino.secchia@gmail.com<\/p>\n<\/div>\n\n\n\n<div id=\"wp-block-themeisle-blocks-advanced-column-2d32fa32\" class=\"wp-block-themeisle-blocks-advanced-column\"><\/div>\n<\/div><\/div>","protected":false},"excerpt":{"rendered":"<p>F\u00fcr Kinder aber auch f\u00fcr Erwachsene.<\/p>","protected":false},"author":1,"featured_media":0,"parent":15,"menu_order":1,"comment_status":"closed","ping_status":"closed","template":"","meta":{"neve_meta_sidebar":"full-width","neve_meta_container":"","neve_meta_enable_content_width":"on","neve_meta_content_width":100,"neve_meta_title_alignment":"","neve_meta_author_avatar":"","neve_post_elements_order":"","neve_meta_disable_header":"","neve_meta_disable_footer":"","neve_meta_disable_title":"on","_themeisle_gutenberg_block_has_review":false},"_links":{"self":[{"href":"https:\/\/antoninosecchia.com\/en\/wp-json\/wp\/v2\/pages\/64"}],"collection":[{"href":"https:\/\/antoninosecchia.com\/en\/wp-json\/wp\/v2\/pages"}],"about":[{"href":"https:\/\/antoninosecchia.com\/en\/wp-json\/wp\/v2\/types\/page"}],"author":[{"embeddable":true,"href":"https:\/\/antoninosecchia.com\/en\/wp-json\/wp\/v2\/users\/1"}],"replies":[{"embeddable":true,"href":"https:\/\/antoninosecchia.com\/en\/wp-json\/wp\/v2\/comments?post=64"}],"version-history":[{"count":14,"href":"https:\/\/antoninosecchia.com\/en\/wp-json\/wp\/v2\/pages\/64\/revisions"}],"predecessor-version":[{"id":414,"href":"https:\/\/antoninosecchia.com\/en\/wp-json\/wp\/v2\/pages\/64\/revisions\/414"}],"up":[{"embeddable":true,"href":"https:\/\/antoninosecchia.com\/en\/wp-json\/wp\/v2\/pages\/15"}],"wp:attachment":[{"href":"https:\/\/antoninosecchia.com\/en\/wp-json\/wp\/v2\/media?parent=64"}],"curies":[{"name":"wp","href":"https:\/\/api.w.org\/{rel}","templated":true}]}}