{"id":2,"date":"2020-04-03T13:23:14","date_gmt":"2020-04-03T13:23:14","guid":{"rendered":"http:\/\/drumset-regensburg.de\/?page_id=2"},"modified":"2023-05-25T08:31:37","modified_gmt":"2023-05-25T08:31:37","slug":"sample-page","status":"publish","type":"page","link":"https:\/\/antoninosecchia.com\/en\/","title":{"rendered":"Wilkommen"},"content":{"rendered":"\n<div class=\"wp-block-cover alignwide is-light\"><span aria-hidden=\"true\" class=\"wp-block-cover__background has-background-dim\"><\/span><img decoding=\"async\" loading=\"lazy\" width=\"1500\" height=\"1000\" class=\"wp-block-cover__image-background wp-image-175\" src=\"http:\/\/drumset-regensburg.de\/wp-content\/uploads\/2020\/05\/Lisztfest-39.jpg\" style=\"object-position:47% 24%\" data-object-fit=\"cover\" data-object-position=\"47% 24%\" srcset=\"https:\/\/antoninosecchia.com\/wp-content\/uploads\/2020\/05\/Lisztfest-39.jpg 1500w, https:\/\/antoninosecchia.com\/wp-content\/uploads\/2020\/05\/Lisztfest-39-300x200.jpg 300w, https:\/\/antoninosecchia.com\/wp-content\/uploads\/2020\/05\/Lisztfest-39-1024x683.jpg 1024w, https:\/\/antoninosecchia.com\/wp-content\/uploads\/2020\/05\/Lisztfest-39-768x512.jpg 768w, https:\/\/antoninosecchia.com\/wp-content\/uploads\/2020\/05\/Lisztfest-39-930x620.jpg 930w\" sizes=\"(max-width: 1500px) 100vw, 1500px\" \/><div class=\"wp-block-cover__inner-container\">\n<p class=\"has-text-align-center has-large-font-size\">Antonino Secchia<\/p>\n\n\n\n<h4 class=\"wp-block-heading has-text-align-center has-white-color has-text-color\"><em>Percussion<\/em> &amp; <em><span class=\"has-inline-color has-white-color\">Musikunterricht  in Regensburg<\/span><\/em><\/h4>\n<\/div><\/div>\n\n\n\n<ul class=\"wp-block-social-links aligncenter is-layout-flex\"><li class=\"wp-social-link wp-social-link-wordpress wp-block-social-link\"><a href=\"https:\/\/wordpress.org\" class=\"wp-block-social-link-anchor\"><svg width=\"24\" height=\"24\" viewBox=\"0 0 24 24\" version=\"1.1\" xmlns=\"http:\/\/www.w3.org\/2000\/svg\" aria-hidden=\"true\" focusable=\"false\"><path d=\"M12.158,12.786L9.46,20.625c0.806,0.237,1.657,0.366,2.54,0.366c1.047,0,2.051-0.181,2.986-0.51 c-0.024-0.038-0.046-0.079-0.065-0.124L12.158,12.786z M3.009,12c0,3.559,2.068,6.634,5.067,8.092L3.788,8.341 C3.289,9.459,3.009,10.696,3.009,12z M18.069,11.546c0-1.112-0.399-1.881-0.741-2.48c-0.456-0.741-0.883-1.368-0.883-2.109 c0-0.826,0.627-1.596,1.51-1.596c0.04,0,0.078,0.005,0.116,0.007C16.472,3.904,14.34,3.009,12,3.009 c-3.141,0-5.904,1.612-7.512,4.052c0.211,0.007,0.41,0.011,0.579,0.011c0.94,0,2.396-0.114,2.396-0.114 C7.947,6.93,8.004,7.642,7.52,7.699c0,0-0.487,0.057-1.029,0.085l3.274,9.739l1.968-5.901l-1.401-3.838 C9.848,7.756,9.389,7.699,9.389,7.699C8.904,7.67,8.961,6.93,9.446,6.958c0,0,1.484,0.114,2.368,0.114 c0.94,0,2.397-0.114,2.397-0.114c0.485-0.028,0.542,0.684,0.057,0.741c0,0-0.488,0.057-1.029,0.085l3.249,9.665l0.897-2.996 C17.841,13.284,18.069,12.316,18.069,11.546z M19.889,7.686c0.039,0.286,0.06,0.593,0.06,0.924c0,0.912-0.171,1.938-0.684,3.22 l-2.746,7.94c2.673-1.558,4.47-4.454,4.47-7.771C20.991,10.436,20.591,8.967,19.889,7.686z M12,22C6.486,22,2,17.514,2,12 C2,6.486,6.486,2,12,2c5.514,0,10,4.486,10,10C22,17.514,17.514,22,12,22z\"><\/path><\/svg><span class=\"wp-block-social-link-label screen-reader-text\">WordPress<\/span><\/a><\/li>\n\n<li class=\"wp-social-link wp-social-link-facebook wp-block-social-link\"><a href=\"https:\/\/www.facebook.com\/antonino.secchia\" class=\"wp-block-social-link-anchor\"><svg width=\"24\" height=\"24\" viewBox=\"0 0 24 24\" version=\"1.1\" xmlns=\"http:\/\/www.w3.org\/2000\/svg\" aria-hidden=\"true\" focusable=\"false\"><path d=\"M12 2C6.5 2 2 6.5 2 12c0 5 3.7 9.1 8.4 9.9v-7H7.9V12h2.5V9.8c0-2.5 1.5-3.9 3.8-3.9 1.1 0 2.2.2 2.2.2v2.5h-1.3c-1.2 0-1.6.8-1.6 1.6V12h2.8l-.4 2.9h-2.3v7C18.3 21.1 22 17 22 12c0-5.5-4.5-10-10-10z\"><\/path><\/svg><span class=\"wp-block-social-link-label screen-reader-text\">Facebook<\/span><\/a><\/li>\n\n\n\n<li class=\"wp-social-link wp-social-link-instagram wp-block-social-link\"><a href=\"https:\/\/www.instagram.com\/ninosecchia\/?hl=en\" class=\"wp-block-social-link-anchor\"><svg width=\"24\" height=\"24\" viewBox=\"0 0 24 24\" version=\"1.1\" xmlns=\"http:\/\/www.w3.org\/2000\/svg\" aria-hidden=\"true\" focusable=\"false\"><path d=\"M12,4.622c2.403,0,2.688,0.009,3.637,0.052c0.877,0.04,1.354,0.187,1.671,0.31c0.42,0.163,0.72,0.358,1.035,0.673 c0.315,0.315,0.51,0.615,0.673,1.035c0.123,0.317,0.27,0.794,0.31,1.671c0.043,0.949,0.052,1.234,0.052,3.637 s-0.009,2.688-0.052,3.637c-0.04,0.877-0.187,1.354-0.31,1.671c-0.163,0.42-0.358,0.72-0.673,1.035 c-0.315,0.315-0.615,0.51-1.035,0.673c-0.317,0.123-0.794,0.27-1.671,0.31c-0.949,0.043-1.233,0.052-3.637,0.052 s-2.688-0.009-3.637-0.052c-0.877-0.04-1.354-0.187-1.671-0.31c-0.42-0.163-0.72-0.358-1.035-0.673 c-0.315-0.315-0.51-0.615-0.673-1.035c-0.123-0.317-0.27-0.794-0.31-1.671C4.631,14.688,4.622,14.403,4.622,12 s0.009-2.688,0.052-3.637c0.04-0.877,0.187-1.354,0.31-1.671c0.163-0.42,0.358-0.72,0.673-1.035 c0.315-0.315,0.615-0.51,1.035-0.673c0.317-0.123,0.794-0.27,1.671-0.31C9.312,4.631,9.597,4.622,12,4.622 M12,3 C9.556,3,9.249,3.01,8.289,3.054C7.331,3.098,6.677,3.25,6.105,3.472C5.513,3.702,5.011,4.01,4.511,4.511 c-0.5,0.5-0.808,1.002-1.038,1.594C3.25,6.677,3.098,7.331,3.054,8.289C3.01,9.249,3,9.556,3,12c0,2.444,0.01,2.751,0.054,3.711 c0.044,0.958,0.196,1.612,0.418,2.185c0.23,0.592,0.538,1.094,1.038,1.594c0.5,0.5,1.002,0.808,1.594,1.038 c0.572,0.222,1.227,0.375,2.185,0.418C9.249,20.99,9.556,21,12,21s2.751-0.01,3.711-0.054c0.958-0.044,1.612-0.196,2.185-0.418 c0.592-0.23,1.094-0.538,1.594-1.038c0.5-0.5,0.808-1.002,1.038-1.594c0.222-0.572,0.375-1.227,0.418-2.185 C20.99,14.751,21,14.444,21,12s-0.01-2.751-0.054-3.711c-0.044-0.958-0.196-1.612-0.418-2.185c-0.23-0.592-0.538-1.094-1.038-1.594 c-0.5-0.5-1.002-0.808-1.594-1.038c-0.572-0.222-1.227-0.375-2.185-0.418C14.751,3.01,14.444,3,12,3L12,3z M12,7.378 c-2.552,0-4.622,2.069-4.622,4.622S9.448,16.622,12,16.622s4.622-2.069,4.622-4.622S14.552,7.378,12,7.378z M12,15 c-1.657,0-3-1.343-3-3s1.343-3,3-3s3,1.343,3,3S13.657,15,12,15z M16.804,6.116c-0.596,0-1.08,0.484-1.08,1.08 s0.484,1.08,1.08,1.08c0.596,0,1.08-0.484,1.08-1.08S17.401,6.116,16.804,6.116z\"><\/path><\/svg><span class=\"wp-block-social-link-label screen-reader-text\">Instagram<\/span><\/a><\/li>\n\n\n\n<li class=\"wp-social-link wp-social-link-youtube wp-block-social-link\"><a href=\"https:\/\/www.youtube.com\/channel\/UCrInFvyOmfF5OHI3N8jbJ6w\" class=\"wp-block-social-link-anchor\"><svg width=\"24\" height=\"24\" viewBox=\"0 0 24 24\" version=\"1.1\" xmlns=\"http:\/\/www.w3.org\/2000\/svg\" aria-hidden=\"true\" focusable=\"false\"><path d=\"M21.8,8.001c0,0-0.195-1.378-0.795-1.985c-0.76-0.797-1.613-0.801-2.004-0.847c-2.799-0.202-6.997-0.202-6.997-0.202 h-0.009c0,0-4.198,0-6.997,0.202C4.608,5.216,3.756,5.22,2.995,6.016C2.395,6.623,2.2,8.001,2.2,8.001S2,9.62,2,11.238v1.517 c0,1.618,0.2,3.237,0.2,3.237s0.195,1.378,0.795,1.985c0.761,0.797,1.76,0.771,2.205,0.855c1.6,0.153,6.8,0.201,6.8,0.201 s4.203-0.006,7.001-0.209c0.391-0.047,1.243-0.051,2.004-0.847c0.6-0.607,0.795-1.985,0.795-1.985s0.2-1.618,0.2-3.237v-1.517 C22,9.62,21.8,8.001,21.8,8.001z M9.935,14.594l-0.001-5.62l5.404,2.82L9.935,14.594z\"><\/path><\/svg><span class=\"wp-block-social-link-label screen-reader-text\">YouTube<\/span><\/a><\/li><\/ul>\n\n\n\n<div id=\"wp-block-themeisle-blocks-advanced-columns-102d8c1f\" class=\"wp-block-themeisle-blocks-advanced-columns alignwide has-2-columns has-desktop-equal-layout has-tablet-equal-layout has-mobile-collapsedRows-layout has-vertical-center has-default-gap\"><div class=\"wp-block-themeisle-blocks-advanced-columns-overlay\"><\/div><div class=\"innerblocks-wrap\">\n<div id=\"wp-block-themeisle-blocks-advanced-column-29c024fc\" class=\"wp-block-themeisle-blocks-advanced-column\">\n<p>Hallo. <a href=\"https:\/\/antoninosecchia.com\/terminen\">Hier<\/a> kannst du auf n\u00e4chsten Auff\u00fchrungen, Projekte oder Workshops von Antonino Secchia aufmerksam bleiben.&nbsp;&nbsp;&nbsp;<\/p>\n\n\n\n<p>Antonino Secchia unterrichtet Schlagzeug und Percussion an der <em><a href=\"https:\/\/www.uni-regensburg.de\/philosophie-kunst-geschichte-gesellschaft\/musikpaedagogik\/\">Universit\u00e4t Regensburg &#8211; Lehrstuhl f\u00fcr Musikp\u00e4dagogik und Musikdidaktik<\/a><\/em>&nbsp; so wie an der <em><a href=\"https:\/\/www.regensburg.de\/singundmusikschule\">Sing- und Musikschule der Stadt Regensburg<\/a><\/em>.<\/p>\n\n\n\n<p>Antonino Secchia bietet auch privat in seiner Studio Einzeln- oder Gruppenunterricht an. M\u00f6chtest du direkt kontakt aufnehmen? <a href=\"https:\/\/antoninosecchia.com\/kontakt\/\">HIER<\/a><\/p>\n\n\n\n<p><\/p>\n<\/div>\n\n\n\n<div id=\"wp-block-themeisle-blocks-advanced-column-33917dde\" class=\"wp-block-themeisle-blocks-advanced-column\">\n<blockquote class=\"wp-block-quote has-text-align-center\">\n<p><em><strong>\u201c Antonino Secchia [&#8230;] machte sofort gro\u00dfe Eindr\u00fccke auf mich und meinen Kollegen in Weimar mit seinem Hingabe, Flei\u00df und Begabung. Wegen seiner Musikalit\u00e4t und Talent beim Schlagzeug-Spielen schaffte er es in unserem Solistenklasse wo er sehr erfolgreich einige Jahre sp\u00e4ter das Konzertexamen-Studium mit gro\u00dfe Solo-Rezitals und Solo-Konzert mit Orchester abgeschlossen hat.\u201d<\/strong><\/em><\/p>\n<cite><em>Markus Leoson, Professor @ HfM Franz Liszt Weimar<\/em><\/cite><\/blockquote>\n<\/div>\n<\/div><\/div>\n\n\n\n<figure class=\"wp-block-image size-full\"><a href=\"https:\/\/www.enjott.com\/en\/works\/symphonialis-est-anima-cd-mit-art-vokal\"><img decoding=\"async\" loading=\"lazy\" width=\"1000\" height=\"992\" src=\"https:\/\/antoninosecchia.com\/wp-content\/uploads\/2023\/05\/csm_SYMPH1-front_41f3763005.jpg\" alt=\"\" class=\"wp-image-380\" srcset=\"https:\/\/antoninosecchia.com\/wp-content\/uploads\/2023\/05\/csm_SYMPH1-front_41f3763005.jpg 1000w, https:\/\/antoninosecchia.com\/wp-content\/uploads\/2023\/05\/csm_SYMPH1-front_41f3763005-300x298.jpg 300w, https:\/\/antoninosecchia.com\/wp-content\/uploads\/2023\/05\/csm_SYMPH1-front_41f3763005-150x150.jpg 150w, https:\/\/antoninosecchia.com\/wp-content\/uploads\/2023\/05\/csm_SYMPH1-front_41f3763005-768x762.jpg 768w, https:\/\/antoninosecchia.com\/wp-content\/uploads\/2023\/05\/csm_SYMPH1-front_41f3763005-12x12.jpg 12w\" sizes=\"(max-width: 1000px) 100vw, 1000px\" \/><\/a><\/figure>\n\n\n\n<h2 class=\"wp-block-heading\"><\/h2>\n\n\n\n<figure class=\"wp-block-image size-full\"><a href=\"https:\/\/www.spektral-records.de\/alben\/stadtlich-urbane-vokalmusik\/\"><img decoding=\"async\" loading=\"lazy\" width=\"1000\" height=\"992\" src=\"https:\/\/antoninosecchia.com\/wp-content\/uploads\/2023\/05\/stimmgold-stadtlich.jpg\" alt=\"\" class=\"wp-image-384\" srcset=\"https:\/\/antoninosecchia.com\/wp-content\/uploads\/2023\/05\/stimmgold-stadtlich.jpg 1000w, https:\/\/antoninosecchia.com\/wp-content\/uploads\/2023\/05\/stimmgold-stadtlich-300x298.jpg 300w, https:\/\/antoninosecchia.com\/wp-content\/uploads\/2023\/05\/stimmgold-stadtlich-150x150.jpg 150w, https:\/\/antoninosecchia.com\/wp-content\/uploads\/2023\/05\/stimmgold-stadtlich-768x762.jpg 768w, https:\/\/antoninosecchia.com\/wp-content\/uploads\/2023\/05\/stimmgold-stadtlich-12x12.jpg 12w\" sizes=\"(max-width: 1000px) 100vw, 1000px\" \/><\/a><\/figure>\n\n\n\n<h2 class=\"wp-block-heading\"><\/h2>\n\n\n\n<div id=\"wp-block-themeisle-blocks-advanced-columns-fffa1b7d\" class=\"wp-block-themeisle-blocks-advanced-columns alignwide has-1-columns has-desktop-twoOne-layout has-tablet-equal-layout has-mobile-collapsedRows-layout has-vertical-unset has-default-gap\"><div class=\"wp-block-themeisle-blocks-advanced-columns-overlay\"><\/div><div class=\"innerblocks-wrap\">\n<div id=\"wp-block-themeisle-blocks-advanced-column-6454579b\" class=\"wp-block-themeisle-blocks-advanced-column\">\n<figure class=\"wp-block-embed is-type-rich is-provider-soundcloud wp-block-embed-soundcloud wp-embed-aspect-4-3 wp-has-aspect-ratio\"><div class=\"wp-block-embed__wrapper\">\n<iframe loading=\"lazy\" title=\"Antonino Secchia\" width=\"1200\" height=\"450\" scrolling=\"no\" frameborder=\"no\" src=\"https:\/\/w.soundcloud.com\/player\/?visual=true&#038;url=https%3A%2F%2Fapi.soundcloud.com%2Fusers%2F3046113&#038;show_artwork=true&#038;maxheight=1000&#038;maxwidth=1200\"><\/iframe>\n<\/div><\/figure>\n<\/div>\n<\/div><\/div>\n\n\n\n<h2 class=\"wp-block-heading\"><\/h2>\n\n\n\n<figure class=\"wp-block-embed alignwide is-type-video is-provider-youtube wp-block-embed-youtube wp-embed-aspect-16-9 wp-has-aspect-ratio\"><div class=\"wp-block-embed__wrapper\">\n<div class=\"nv-iframe-embed\"><iframe loading=\"lazy\" title=\"Dream - John Cage arranged for Solo Vibraphone\" width=\"1200\" height=\"675\" src=\"https:\/\/www.youtube.com\/embed\/HkzVujGrqbM?feature=oembed\" frameborder=\"0\" allow=\"accelerometer; autoplay; clipboard-write; encrypted-media; gyroscope; picture-in-picture; web-share\" allowfullscreen><\/iframe><\/div>\n<\/div><\/figure>\n\n\n\n<h2 class=\"wp-block-heading\"><\/h2>\n\n\n\n<div id=\"wp-block-themeisle-blocks-advanced-columns-6fbe745c\" class=\"wp-block-themeisle-blocks-advanced-columns alignwide has-1-columns has-desktop-equal-layout has-tablet-equal-layout has-mobile-equal-layout has-vertical-flex-end has-default-gap\"><div class=\"wp-block-themeisle-blocks-advanced-columns-overlay\"><\/div><div class=\"innerblocks-wrap\">\n<div id=\"wp-block-themeisle-blocks-advanced-column-7caa2e12\" class=\"wp-block-themeisle-blocks-advanced-column\">\n<figure class=\"wp-block-image alignwide size-large\"><img decoding=\"async\" loading=\"lazy\" width=\"1024\" height=\"576\" src=\"http:\/\/drumset-regensburg.de\/wp-content\/uploads\/2020\/05\/antonino-secchia-trommel-unterricht-1024x576.jpg\" alt=\"\" class=\"wp-image-205\" srcset=\"https:\/\/antoninosecchia.com\/wp-content\/uploads\/2020\/05\/antonino-secchia-trommel-unterricht-1024x576.jpg 1024w, https:\/\/antoninosecchia.com\/wp-content\/uploads\/2020\/05\/antonino-secchia-trommel-unterricht-300x169.jpg 300w, https:\/\/antoninosecchia.com\/wp-content\/uploads\/2020\/05\/antonino-secchia-trommel-unterricht-768x432.jpg 768w, https:\/\/antoninosecchia.com\/wp-content\/uploads\/2020\/05\/antonino-secchia-trommel-unterricht.jpg 1200w\" sizes=\"(max-width: 1024px) 100vw, 1024px\" \/><\/figure>\n<\/div>\n<\/div><\/div>\n\n\n\n<div id=\"wp-block-themeisle-blocks-advanced-columns-54e8d51c\" class=\"wp-block-themeisle-blocks-advanced-columns alignwide has-2-columns has-desktop-equal-layout has-tablet-equal-layout has-mobile-collapsedRows-layout has-vertical-flex-start has-default-gap\"><div class=\"wp-block-themeisle-blocks-advanced-columns-overlay\"><\/div><div class=\"innerblocks-wrap\">\n<div id=\"wp-block-themeisle-blocks-advanced-column-34bd78f4\" class=\"wp-block-themeisle-blocks-advanced-column\">\n<h2 class=\"wp-block-heading\">Musikunterricht in Regensburg, f\u00fcr <strong>Kinder und Erwachsene<\/strong><\/h2>\n\n\n\n<p>Egal ob im Einzelunterricht oder im Ensemble\/Gruppenunterricht spielen , egal ob Kinder oder Erwachsene, jeder kann trommeln. Man muss keine Noten lesen k\u00f6nnen oder Musiktheorie verstehen. <strong>Trommeln ist eine universelle Sprache.<\/strong><\/p>\n<\/div>\n\n\n\n<div id=\"wp-block-themeisle-blocks-advanced-column-cfed1987\" class=\"wp-block-themeisle-blocks-advanced-column\">\n<p>Egal ob&nbsp; Rock Grooves oder Jazz am Drumset, ob Pop- oder Latin- &amp; Ethno- Songs am Cajon oder sonstigen Schlaginstrumenten, im Unterricht du lernst alles was Du brauchst um alle m\u00f6gliche Schlaginstrumente musikalisch und technisch zu beherrschen. W\u00e4hrend des Unterricht wir trommeln zusammen und wir finden deinen pers\u00f6nlichen Weg zum Lernen, nat\u00fcrlich mit Musik wir lernen deine Lieblingssongs.<\/p>\n\n\n\n<div class=\"wp-block-buttons is-layout-flex\">\n<div class=\"wp-block-button\"><a class=\"wp-block-button__link has-midnight-gradient-background has-background wp-element-button\" href=\"http:\/\/drumset-regensburg.de\/musikunterricht-in-regensburg\/\">schlagzeug, Cajon, marimba? hier findest du alles<\/a><\/div>\n<\/div>\n<\/div>\n<\/div><\/div>\n\n\n\n<div class=\"wp-block-group is-layout-flow\"><div class=\"wp-block-group__inner-container\">\n<p><\/p>\n<\/div><\/div>\n\n\n\n<p><\/p>\n\n\n\n<div class=\"wp-block-columns is-layout-flex wp-container-6\">\n<div class=\"wp-block-column is-layout-flow\" style=\"flex-basis:66.66%\">\n\n\n<p><\/p>\n<\/div>\n\n\n\n<div class=\"wp-block-column is-layout-flow\" style=\"flex-basis:33.33%\">\n<p><\/p>\n<\/div>\n<\/div>\n\n\n\n<hr class=\"wp-block-separator has-css-opacity\"\/>\n\n\n\n<p><\/p>\n\n\n\n<p><\/p>\n","protected":false},"excerpt":{"rendered":"","protected":false},"author":1,"featured_media":0,"parent":0,"menu_order":0,"comment_status":"closed","ping_status":"open","template":"","meta":{"neve_meta_sidebar":"","neve_meta_container":"","neve_meta_enable_content_width":"off","neve_meta_content_width":0,"neve_meta_title_alignment":"","neve_meta_author_avatar":"","neve_post_elements_order":"","neve_meta_disable_header":"","neve_meta_disable_footer":"","neve_meta_disable_title":"on","_themeisle_gutenberg_block_has_review":false},"_links":{"self":[{"href":"https:\/\/antoninosecchia.com\/en\/wp-json\/wp\/v2\/pages\/2"}],"collection":[{"href":"https:\/\/antoninosecchia.com\/en\/wp-json\/wp\/v2\/pages"}],"about":[{"href":"https:\/\/antoninosecchia.com\/en\/wp-json\/wp\/v2\/types\/page"}],"author":[{"embeddable":true,"href":"https:\/\/antoninosecchia.com\/en\/wp-json\/wp\/v2\/users\/1"}],"replies":[{"embeddable":true,"href":"https:\/\/antoninosecchia.com\/en\/wp-json\/wp\/v2\/comments?post=2"}],"version-history":[{"count":43,"href":"https:\/\/antoninosecchia.com\/en\/wp-json\/wp\/v2\/pages\/2\/revisions"}],"predecessor-version":[{"id":385,"href":"https:\/\/antoninosecchia.com\/en\/wp-json\/wp\/v2\/pages\/2\/revisions\/385"}],"wp:attachment":[{"href":"https:\/\/antoninosecchia.com\/en\/wp-json\/wp\/v2\/media?parent=2"}],"curies":[{"name":"wp","href":"https:\/\/api.w.org\/{rel}","templated":true}]}}