{"id":166,"date":"2020-05-02T12:32:34","date_gmt":"2020-05-02T12:32:34","guid":{"rendered":"http:\/\/drumset-regensburg.de\/?page_id=166"},"modified":"2024-02-10T20:55:06","modified_gmt":"2024-02-10T20:55:06","slug":"cajon-unterricht-in-regensburg","status":"publish","type":"page","link":"https:\/\/antoninosecchia.com\/en\/musikunterricht-in-regensburg\/cajon-unterricht-in-regensburg\/","title":{"rendered":"Cajon Unterricht in Regensburg"},"content":{"rendered":"<div class=\"wp-block-cover is-light\"><span aria-hidden=\"true\" class=\"wp-block-cover__background has-background-dim\"><\/span><img decoding=\"async\" loading=\"lazy\" width=\"2560\" height=\"1920\" class=\"wp-block-cover__image-background wp-image-168\" alt=\"\" src=\"http:\/\/drumset-regensburg.de\/wp-content\/uploads\/2020\/05\/cajon-unterricht-antonino-secchia-scaled.jpg\" style=\"object-position:88% 46%\" data-object-fit=\"cover\" data-object-position=\"88% 46%\" srcset=\"https:\/\/antoninosecchia.com\/wp-content\/uploads\/2020\/05\/cajon-unterricht-antonino-secchia-scaled.jpg 2560w, https:\/\/antoninosecchia.com\/wp-content\/uploads\/2020\/05\/cajon-unterricht-antonino-secchia-300x225.jpg 300w, https:\/\/antoninosecchia.com\/wp-content\/uploads\/2020\/05\/cajon-unterricht-antonino-secchia-1024x768.jpg 1024w, https:\/\/antoninosecchia.com\/wp-content\/uploads\/2020\/05\/cajon-unterricht-antonino-secchia-768x576.jpg 768w, https:\/\/antoninosecchia.com\/wp-content\/uploads\/2020\/05\/cajon-unterricht-antonino-secchia-1536x1152.jpg 1536w, https:\/\/antoninosecchia.com\/wp-content\/uploads\/2020\/05\/cajon-unterricht-antonino-secchia-2048x1536.jpg 2048w\" sizes=\"(max-width: 2560px) 100vw, 2560px\" \/><div class=\"wp-block-cover__inner-container\">\n<p class=\"has-text-align-center has-large-font-size\"><mark style=\"background-color:rgba(0, 0, 0, 0)\" class=\"has-inline-color has-nv-light-bg-color\">Cajon Unterricht in Regensburg<\/mark><\/p>\n<\/div><\/div>\n\n\n\n<div style=\"height:30px\" aria-hidden=\"true\" class=\"wp-block-spacer\"><\/div>\n\n\n\n<h1 class=\"wp-block-heading has-text-align-center animated pulse has-neve-button-color-color has-text-color\">F\u00fcr Kinder aber auch f\u00fcr Erwachsene. <\/h1>\n\n\n\n<div style=\"height:30px\" aria-hidden=\"true\" class=\"wp-block-spacer\"><\/div>\n\n\n\n<div id=\"wp-block-themeisle-blocks-advanced-columns-cd939eaa\" class=\"wp-block-themeisle-blocks-advanced-columns alignwide has-2-columns has-desktop-equal-layout has-tablet-equal-layout has-mobile-collapsedRows-layout has-vertical-unset has-default-gap animated fadeInDown\"><div class=\"wp-block-themeisle-blocks-advanced-columns-overlay\"><\/div><div class=\"innerblocks-wrap\">\n<div id=\"wp-block-themeisle-blocks-advanced-column-24e2aacd\" class=\"wp-block-themeisle-blocks-advanced-column\">\n<p><strong>Das Cajon, Der Trommelkiste<\/strong>. Eine der popul\u00e4rste Musik Instrumente zur zeit. Urspr\u00fcnglich das Cajon kommt aus Per\u00f9, bekannt ist aber geworden durch Spanische traditionelle Tanz\/Musik Flamenco. <\/p>\n\n\n\n<p>Boleria ist beim Flamenco der traditionelle Rhythmus. In der ganze Welt wird heutzutage diese Instrumente in alle m\u00f6gliche Musikstile und als eine der flexiblere Instrumente eingesetzt.&nbsp;&nbsp;<\/p>\n<\/div>\n\n\n\n<div id=\"wp-block-themeisle-blocks-advanced-column-b61d61f7\" class=\"wp-block-themeisle-blocks-advanced-column\"><\/div>\n<\/div><\/div>\n\n\n\n<div id=\"wp-block-themeisle-blocks-advanced-columns-6d5b0e89\" class=\"wp-block-themeisle-blocks-advanced-columns alignwide has-2-columns has-desktop-oneTwo-layout has-tablet-equal-layout has-mobile-collapsedRows-layout has-vertical-center animated fadeInDown\"><div class=\"wp-block-themeisle-blocks-advanced-columns-overlay\"><\/div><div class=\"innerblocks-wrap\">\n<div id=\"wp-block-themeisle-blocks-advanced-column-3462f9d6\" class=\"wp-block-themeisle-blocks-advanced-column\">\n<div class=\"wp-block-group is-layout-flow\"><div class=\"wp-block-group__inner-container\">\n<h2 class=\"wp-block-heading has-white-color has-text-color\">Wie funktioniert es?<\/h2>\n<\/div><\/div>\n<\/div>\n\n\n\n<div id=\"wp-block-themeisle-blocks-advanced-column-2df436aa\" class=\"wp-block-themeisle-blocks-advanced-column\">\n<p class=\"has-text-align-left has-white-color has-text-color\">Der Unterricht findet w\u00f6chentlich oder zweiw\u00f6chentlich statt. Je nach Bedarf und Verf\u00fcgbarkeit ist die Dauer des Unterrichts <strong>zwischen 30<\/strong> (ideal f\u00fcr Kinder und diejenigen, die gerade mit dem Spielen des Instruments begonnen haben), <strong>45 oder 60 Minuten m\u00f6glich<\/strong>.<\/p>\n\n\n\n<h4 class=\"wp-block-heading has-white-color has-text-color\">Der Unterricht kann f\u00fcr Einsteiger oder Fortgeschrittene genommen werden.<\/h4>\n\n\n\n<p class=\"has-white-color has-text-color\">Als reiner Spa\u00df, Leidenschaft oder als Vorbereitung f\u00fcr Aufnahmepr\u00fcfungen an Universit\u00e4t, Musikhochschulen oder Konservatorien.<\/p>\n<\/div>\n<\/div><\/div>\n\n\n\n<div id=\"wp-block-themeisle-blocks-advanced-columns-f9f7a22e\" class=\"wp-block-themeisle-blocks-advanced-columns alignwide has-2-columns has-desktop-oneTwo-layout has-tablet-equal-layout has-mobile-collapsedRows-layout has-vertical-center has-default-gap animated fadeInDown\"><div class=\"wp-block-themeisle-blocks-advanced-columns-overlay\"><\/div><div class=\"innerblocks-wrap\">\n<div id=\"wp-block-themeisle-blocks-advanced-column-28604568\" class=\"wp-block-themeisle-blocks-advanced-column\">\n<h3 class=\"wp-block-heading has-neve-button-color-color has-text-color\">Ich biete Einzel- so wie auch Gruppenunterricht wie auch Workshop f\u00fcr Einzelpersonen, Familien oder Firmen.<\/h3>\n\n\n\n<p><a href=\"\"><\/a><\/p>\n\n\n\n<p><\/p>\n<\/div>\n\n\n\n<div id=\"wp-block-themeisle-blocks-advanced-column-6c8fd775\" class=\"wp-block-themeisle-blocks-advanced-column\">\n<figure class=\"wp-block-image size-large\"><img decoding=\"async\" loading=\"lazy\" width=\"1024\" height=\"646\" src=\"http:\/\/drumset-regensburg.de\/wp-content\/uploads\/2020\/05\/trommeln-workshop-antonino-secchia-1024x646.jpg\" alt=\"\" class=\"wp-image-169\" srcset=\"https:\/\/antoninosecchia.com\/wp-content\/uploads\/2020\/05\/trommeln-workshop-antonino-secchia-1024x646.jpg 1024w, https:\/\/antoninosecchia.com\/wp-content\/uploads\/2020\/05\/trommeln-workshop-antonino-secchia-300x189.jpg 300w, https:\/\/antoninosecchia.com\/wp-content\/uploads\/2020\/05\/trommeln-workshop-antonino-secchia-768x485.jpg 768w, https:\/\/antoninosecchia.com\/wp-content\/uploads\/2020\/05\/trommeln-workshop-antonino-secchia-1536x970.jpg 1536w, https:\/\/antoninosecchia.com\/wp-content\/uploads\/2020\/05\/trommeln-workshop-antonino-secchia.jpg 1920w\" sizes=\"(max-width: 1024px) 100vw, 1024px\" \/><\/figure>\n<\/div>\n<\/div><\/div>\n\n\n\n<div id=\"wp-block-themeisle-blocks-advanced-columns-cc82a2b4\" class=\"wp-block-themeisle-blocks-advanced-columns has-2-columns has-desktop-oneTwo-layout has-tablet-equal-layout has-mobile-collapsedRows-layout has-vertical-unset has-default-gap\"><div class=\"wp-block-themeisle-blocks-advanced-columns-overlay\"><\/div><div class=\"innerblocks-wrap\">\n<div id=\"wp-block-themeisle-blocks-advanced-column-b899173f\" class=\"wp-block-themeisle-blocks-advanced-column animated pulse\">\n<h4 class=\"wp-block-heading\">Mit einem Anruf oder einer Email erh\u00e4ltst Du sofort eine Probestunde, die ist kostenlos \ud83d\ude42<\/h4>\n\n\n\n<p><\/p>\n\n\n\n<p class=\"has-text-align-left\">Rufen Sie  mich an (+49 0176 841 063 46), oder schreiben Sie mir per E-Mail an antonino.secchia@gmail.com<\/p>\n<\/div>\n\n\n\n<div id=\"wp-block-themeisle-blocks-advanced-column-2d32fa32\" class=\"wp-block-themeisle-blocks-advanced-column\"><\/div>\n<\/div><\/div>","protected":false},"excerpt":{"rendered":"<p>F\u00fcr Kinder aber auch f\u00fcr Erwachsene.<\/p>","protected":false},"author":1,"featured_media":168,"parent":15,"menu_order":2,"comment_status":"closed","ping_status":"closed","template":"","meta":{"neve_meta_sidebar":"full-width","neve_meta_container":"","neve_meta_enable_content_width":"on","neve_meta_content_width":100,"neve_meta_title_alignment":"","neve_meta_author_avatar":"","neve_post_elements_order":"","neve_meta_disable_header":"","neve_meta_disable_footer":"","neve_meta_disable_title":"on","_themeisle_gutenberg_block_has_review":false},"_links":{"self":[{"href":"https:\/\/antoninosecchia.com\/en\/wp-json\/wp\/v2\/pages\/166"}],"collection":[{"href":"https:\/\/antoninosecchia.com\/en\/wp-json\/wp\/v2\/pages"}],"about":[{"href":"https:\/\/antoninosecchia.com\/en\/wp-json\/wp\/v2\/types\/page"}],"author":[{"embeddable":true,"href":"https:\/\/antoninosecchia.com\/en\/wp-json\/wp\/v2\/users\/1"}],"replies":[{"embeddable":true,"href":"https:\/\/antoninosecchia.com\/en\/wp-json\/wp\/v2\/comments?post=166"}],"version-history":[{"count":7,"href":"https:\/\/antoninosecchia.com\/en\/wp-json\/wp\/v2\/pages\/166\/revisions"}],"predecessor-version":[{"id":413,"href":"https:\/\/antoninosecchia.com\/en\/wp-json\/wp\/v2\/pages\/166\/revisions\/413"}],"up":[{"embeddable":true,"href":"https:\/\/antoninosecchia.com\/en\/wp-json\/wp\/v2\/pages\/15"}],"wp:featuredmedia":[{"embeddable":true,"href":"https:\/\/antoninosecchia.com\/en\/wp-json\/wp\/v2\/media\/168"}],"wp:attachment":[{"href":"https:\/\/antoninosecchia.com\/en\/wp-json\/wp\/v2\/media?parent=166"}],"curies":[{"name":"wp","href":"https:\/\/api.w.org\/{rel}","templated":true}]}}