{"id":15,"date":"2020-04-18T17:53:07","date_gmt":"2020-04-18T17:53:07","guid":{"rendered":"http:\/\/drumset-regensburg.de\/?page_id=15"},"modified":"2020-06-18T19:18:51","modified_gmt":"2020-06-18T19:18:51","slug":"musikunterricht-in-regensburg","status":"publish","type":"page","link":"https:\/\/antoninosecchia.com\/en\/musikunterricht-in-regensburg\/","title":{"rendered":"Musikunterricht in Regensburg"},"content":{"rendered":"\n<figure class=\"wp-block-image alignwide size-large is-style-default\"><img decoding=\"async\" loading=\"lazy\" width=\"1024\" height=\"576\" src=\"http:\/\/drumset-regensburg.de\/wp-content\/uploads\/2020\/05\/antonino-secchia-musik-unterricht_banner-1024x576.jpg\" alt=\"\" class=\"wp-image-84\" srcset=\"https:\/\/antoninosecchia.com\/wp-content\/uploads\/2020\/05\/antonino-secchia-musik-unterricht_banner-1024x576.jpg 1024w, https:\/\/antoninosecchia.com\/wp-content\/uploads\/2020\/05\/antonino-secchia-musik-unterricht_banner-300x169.jpg 300w, https:\/\/antoninosecchia.com\/wp-content\/uploads\/2020\/05\/antonino-secchia-musik-unterricht_banner-768x432.jpg 768w, https:\/\/antoninosecchia.com\/wp-content\/uploads\/2020\/05\/antonino-secchia-musik-unterricht_banner.jpg 1200w\" sizes=\"(max-width: 1024px) 100vw, 1024px\" \/><\/figure>\n\n\n\n<div class=\"wp-block-columns is-layout-flex wp-container-3\">\n<div class=\"wp-block-column is-layout-flow\" style=\"flex-basis:33.33%\">\n<figure class=\"wp-block-pullquote animated pulse\"><blockquote><p>Trommeln ist eine <strong>universelle <\/strong>Sprache.<\/p><\/blockquote><\/figure>\n<\/div>\n\n\n\n<div class=\"wp-block-column is-vertically-aligned-center is-layout-flow\" style=\"flex-basis:66.66%\">\n<p class=\"has-text-align-center\">Egal ob im Einzelunterricht oder im Ensemble\/Gruppenunterricht spielen, egal ob Kinder oder Erwachsene, <strong>jeder kann trommeln<\/strong>. <\/p>\n\n\n\n<p class=\"has-text-align-center\">Man muss keine Noten lesen k\u00f6nnen oder Musiktheorie verstehen.<\/p>\n<\/div>\n<\/div>\n\n\n\n<div style=\"height:25px\" aria-hidden=\"true\" class=\"wp-block-spacer\"><\/div>\n\n\n\n<p><\/p>\n\n\n\n<div class=\"wp-block-themeisle-blocks-advanced-columns alignwide has-2-columns has-desktop-equal-layout has-tablet-equal-layout has-mobile-collapsedRows-layout has-narrow-gap has-vertical-center animated fadeInRight\" id=\"wp-block-themeisle-blocks-advanced-columns-36f2676b\"><div class=\"wp-block-themeisle-blocks-advanced-columns-overlay\"><\/div><div class=\"innerblocks-wrap\">\n<div class=\"wp-block-themeisle-blocks-advanced-column\" id=\"wp-block-themeisle-blocks-advanced-column-e875a7bc\">\n<figure class=\"wp-block-image size-large\"><img decoding=\"async\" loading=\"lazy\" width=\"1024\" height=\"683\" src=\"http:\/\/drumset-regensburg.de\/wp-content\/uploads\/2020\/04\/drums_Photo-by-Josh-Sorenson-on-Unsplash-1024x683.jpg\" alt=\"\" class=\"wp-image-65\" srcset=\"https:\/\/antoninosecchia.com\/wp-content\/uploads\/2020\/04\/drums_Photo-by-Josh-Sorenson-on-Unsplash-1024x683.jpg 1024w, https:\/\/antoninosecchia.com\/wp-content\/uploads\/2020\/04\/drums_Photo-by-Josh-Sorenson-on-Unsplash-300x200.jpg 300w, https:\/\/antoninosecchia.com\/wp-content\/uploads\/2020\/04\/drums_Photo-by-Josh-Sorenson-on-Unsplash-768x512.jpg 768w, https:\/\/antoninosecchia.com\/wp-content\/uploads\/2020\/04\/drums_Photo-by-Josh-Sorenson-on-Unsplash-1536x1024.jpg 1536w, https:\/\/antoninosecchia.com\/wp-content\/uploads\/2020\/04\/drums_Photo-by-Josh-Sorenson-on-Unsplash-2048x1365.jpg 2048w, https:\/\/antoninosecchia.com\/wp-content\/uploads\/2020\/04\/drums_Photo-by-Josh-Sorenson-on-Unsplash-930x620.jpg 930w\" sizes=\"(max-width: 1024px) 100vw, 1024px\" \/><\/figure>\n<\/div>\n\n\n\n<div class=\"wp-block-themeisle-blocks-advanced-column\" id=\"wp-block-themeisle-blocks-advanced-column-af48d401\">\n<h3 class=\"has-neve-button-color-color has-text-color wp-block-heading\">Schlagzeugunterricht in Regensburg<\/h3>\n\n\n\n<p>F\u00fcr Kinder aber auch f\u00fcr Erwachsene.<\/p>\n\n\n\n<div class=\"wp-block-buttons is-layout-flex\">\n<div class=\"wp-block-button\"><a class=\"wp-block-button__link has-text-color has-white-color has-background has-midnight-gradient-background\" href=\"http:\/\/drumset-regensburg.de\/musikunterricht-in-regensburg\/schlagzeugunterricht-in-regensburg\/\" rel=\"http:\/\/drumset-regensburg.de\/musikunterricht-in-regensburg\/schlagzeugunterricht-in-regensburg\/\">Hier findest du mehr<\/a><\/div>\n<\/div>\n<\/div>\n<\/div><\/div>\n\n\n\n<div class=\"wp-block-themeisle-blocks-advanced-columns alignwide has-2-columns has-desktop-equal-layout has-tablet-equal-layout has-mobile-collapsedRows-layout has-default-gap has-vertical-center animated fadeInLeft\" id=\"wp-block-themeisle-blocks-advanced-columns-da0817d3\"><div class=\"wp-block-themeisle-blocks-advanced-columns-overlay\"><\/div><div class=\"innerblocks-wrap\">\n<div class=\"wp-block-themeisle-blocks-advanced-column\" id=\"wp-block-themeisle-blocks-advanced-column-046285ad\">\n<h2 class=\"has-neve-button-color-color has-text-color wp-block-heading\">Cajon Unterricht<\/h2>\n\n\n\n<p>Das Cajon, Der Trommelkiste. Eine der popul\u00e4rste Musik Instrumente zur zeit.<\/p>\n\n\n\n<div class=\"wp-block-buttons is-layout-flex\">\n<div class=\"wp-block-button\"><a class=\"wp-block-button__link has-background has-midnight-gradient-background\" href=\"http:\/\/drumset-regensburg.de\/musikunterricht-in-regensburg\/cajon-unterricht-in-regensburg\/\" rel=\"http:\/\/drumset-regensburg.de\/musikunterricht-in-regensburg\/cajon-unterricht-in-regensburg\/\">Hier Findest du mehr<\/a><\/div>\n<\/div>\n<\/div>\n\n\n\n<div class=\"wp-block-themeisle-blocks-advanced-column\" id=\"wp-block-themeisle-blocks-advanced-column-a2301925\">\n<figure class=\"wp-block-image size-large\"><img decoding=\"async\" loading=\"lazy\" width=\"1024\" height=\"683\" src=\"http:\/\/drumset-regensburg.de\/wp-content\/uploads\/2020\/05\/cajon_anotninosecchia-1024x683.jpg\" alt=\"\" class=\"wp-image-118\" srcset=\"https:\/\/antoninosecchia.com\/wp-content\/uploads\/2020\/05\/cajon_anotninosecchia-1024x683.jpg 1024w, https:\/\/antoninosecchia.com\/wp-content\/uploads\/2020\/05\/cajon_anotninosecchia-300x200.jpg 300w, https:\/\/antoninosecchia.com\/wp-content\/uploads\/2020\/05\/cajon_anotninosecchia-768x512.jpg 768w, https:\/\/antoninosecchia.com\/wp-content\/uploads\/2020\/05\/cajon_anotninosecchia-1536x1024.jpg 1536w, https:\/\/antoninosecchia.com\/wp-content\/uploads\/2020\/05\/cajon_anotninosecchia-2048x1366.jpg 2048w, https:\/\/antoninosecchia.com\/wp-content\/uploads\/2020\/05\/cajon_anotninosecchia-930x620.jpg 930w\" sizes=\"(max-width: 1024px) 100vw, 1024px\" \/><\/figure>\n<\/div>\n<\/div><\/div>\n\n\n\n<div class=\"wp-block-themeisle-blocks-advanced-columns alignwide has-2-columns has-desktop-equal-layout has-tablet-equal-layout has-mobile-collapsedRows-layout has-narrow-gap has-vertical-center animated fadeInRight\" id=\"wp-block-themeisle-blocks-advanced-columns-9947de4c\"><div class=\"wp-block-themeisle-blocks-advanced-columns-overlay\"><\/div><div class=\"innerblocks-wrap\">\n<div class=\"wp-block-themeisle-blocks-advanced-column\" id=\"wp-block-themeisle-blocks-advanced-column-dc02d57c\">\n<div id=\"wp-block-themeisle-blocks-slider-140be4a1\" class=\"wp-block-themeisle-blocks-slider glide\" data-per-view=\"1\" data-gap=\"0\" data-peek=\"0\" data-autoplay=\"3000\" data-height=\"400px\"><div class=\"glide__track\" data-glide-el=\"track\"><div class=\"glide__slides\"><div class=\"wp-block-themeisle-blocks-slider-item-wrapper glide__slide\" tabindex=\"0\"><figure><img decoding=\"async\" class=\"wp-block-themeisle-blocks-slider-item\" src=\"http:\/\/drumset-regensburg.de\/wp-content\/uploads\/2020\/05\/marimba-Antonino-Secchia.jpg\" alt=\"\" title=\"\" data-id=\"120\"\/><\/figure><\/div><div class=\"wp-block-themeisle-blocks-slider-item-wrapper glide__slide\" tabindex=\"0\"><figure><img decoding=\"async\" class=\"wp-block-themeisle-blocks-slider-item\" src=\"http:\/\/drumset-regensburg.de\/wp-content\/uploads\/2020\/05\/Tamburello_rahmentrommel_antonino-secchia.jpg\" alt=\"\" title=\"\" data-id=\"159\"\/><\/figure><\/div><div class=\"wp-block-themeisle-blocks-slider-item-wrapper glide__slide\" tabindex=\"0\"><figure><img decoding=\"async\" class=\"wp-block-themeisle-blocks-slider-item\" src=\"http:\/\/drumset-regensburg.de\/wp-content\/uploads\/2020\/05\/antonino-secchia_kalimba.jpg\" alt=\"\" title=\"\" data-id=\"162\"\/><\/figure><\/div><\/div><div class=\"glide__arrows\" data-glide-el=\"controls\"><button class=\"glide__arrow glide__arrow--left\" data-glide-dir=\"<\"><svg xmlns=\"http:\/\/www.w3.org\/2000\/svg\" width=\"18\" height=\"18\" viewbox=\"0 0 100 100\" role=\"img\" aria-hidden=\"true\" focusable=\"false\"><path d=\"M 10,50 L 60,100 L 70,90 L 30,50  L 70,10 L 60,0 Z\"><\/path><\/svg><\/button><button class=\"glide__arrow glide__arrow--right\" data-glide-dir=\"&gt;\"><svg xmlns=\"http:\/\/www.w3.org\/2000\/svg\" width=\"18\" height=\"18\" viewbox=\"0 0 100 100\" role=\"img\" aria-hidden=\"true\" focusable=\"false\"><path d=\"M 10,50 L 60,100 L 70,90 L 30,50  L 70,10 L 60,0 Z\"><\/path><\/svg><\/button><\/div><div class=\"glide__bullets\" data-glide-el=\"controls[nav]\"><button class=\"glide__bullet\" data-glide-dir=\"=0\"><\/button><button class=\"glide__bullet\" data-glide-dir=\"=1\"><\/button><button class=\"glide__bullet\" data-glide-dir=\"=2\"><\/button><\/div><\/div><\/div>\n<\/div>\n\n\n\n<div class=\"wp-block-themeisle-blocks-advanced-column\" id=\"wp-block-themeisle-blocks-advanced-column-91b7cbbd\">\n<h3 class=\"has-neve-button-color-color has-text-color wp-block-heading\">Mallets Unterricht <\/h3>\n\n\n\n<p><strong>Xylophon, Vibraphon, Marimba<\/strong> aber auch <strong>Hang Drum<\/strong> oder <strong>Kalimba<\/strong>, ich biete qualifizierten Unterricht in der Welt der Mallets Instrumente an.<\/p>\n\n\n\n<p>Nicht nur klassische Musik, du kannst flexibel deine lieblinge Stilrichtungen entscheiden egal ob Jazz, Pop, Blues oder Weltmusik.<\/p>\n<\/div>\n<\/div><\/div>\n\n\n\n<p><\/p>\n\n\n\n<div class=\"wp-block-themeisle-blocks-advanced-columns alignwide has-2-columns has-desktop-equal-layout has-tablet-equal-layout has-mobile-collapsedRows-layout has-default-gap has-vertical-center animated fadeInDown\" id=\"wp-block-themeisle-blocks-advanced-columns-2d044abb\"><div class=\"wp-block-themeisle-blocks-advanced-columns-overlay\"><\/div><div class=\"innerblocks-wrap\">\n<div class=\"wp-block-themeisle-blocks-advanced-column\" id=\"wp-block-themeisle-blocks-advanced-column-67329058\">\n<h2 class=\"has-white-color has-text-color wp-block-heading\">Der Unterricht kann f\u00fcr Einsteiger oder Fortgeschrittene genommen werden.<\/h2>\n<\/div>\n\n\n\n<div class=\"wp-block-themeisle-blocks-advanced-column\" id=\"wp-block-themeisle-blocks-advanced-column-f96d135d\">\n<p class=\"has-text-color has-white-color\">Als reiner Spa\u00df, Leidenschaft oder als Vorbereitung f\u00fcr Aufnahmepr\u00fcfungen an Universit\u00e4t, Musikhochschulen oder Konservatorien.<\/p>\n\n\n\n<p class=\"has-text-color has-white-color\">Im<strong> Ensemble oder Gruppenunterricht <\/strong>mit zu spielen ist auch m\u00f6glich, da proben wir jeder Woche oder alle 14 Tage.&nbsp;Daf\u00fcr man muss nicht unbedingt&nbsp; Noten lesen k\u00f6nnen, wichtig ist Spa\u00df am Spielen und dass du Musik erlebst.<\/p>\n<\/div>\n<\/div><\/div>\n\n\n\n<div class=\"wp-block-themeisle-blocks-advanced-columns alignwide has-2-columns has-desktop-oneTwo-layout has-tablet-equal-layout has-mobile-collapsedRows-layout has-default-gap has-vertical-flex-start\" id=\"wp-block-themeisle-blocks-advanced-columns-c93acf8f\"><div class=\"wp-block-themeisle-blocks-advanced-columns-overlay\"><\/div><div class=\"innerblocks-wrap\">\n<div class=\"wp-block-themeisle-blocks-advanced-column animated pulse\" id=\"wp-block-themeisle-blocks-advanced-column-8a1be753\">\n<h4 class=\"wp-block-heading\">Mit einem Anruf oder einer Email erh\u00e4ltst Du sofort eine Probestunde, die ist kostenlos \ud83d\ude42<\/h4>\n<\/div>\n\n\n\n<div class=\"wp-block-themeisle-blocks-advanced-column\" id=\"wp-block-themeisle-blocks-advanced-column-45080980\"><div class=\"wpforms-container wpforms-container-full wpforms-block\" id=\"wpforms-123\"><form id=\"wpforms-form-123\" class=\"wpforms-validate wpforms-form\" data-formid=\"123\" method=\"post\" enctype=\"multipart\/form-data\" action=\"\/en\/wp-json\/wp\/v2\/pages\/15\" data-token=\"c6226ccbf852d8a34bc98df04accfa92\" data-token-time=\"1776243131\"><noscript class=\"wpforms-error-noscript\">Please enable JavaScript in your browser to complete this form.<\/noscript><div class=\"wpforms-field-container\"><div id=\"wpforms-123-field_0-container\" class=\"wpforms-field wpforms-field-name\" data-field-id=\"0\"><label class=\"wpforms-field-label\" for=\"wpforms-123-field_0\">Name <span class=\"wpforms-required-label\">*<\/span><\/label><input type=\"text\" id=\"wpforms-123-field_0\" class=\"wpforms-field-medium wpforms-field-required\" name=\"wpforms[fields][0]\" required><\/div>\t\t<div id=\"wpforms-123-field_3-container\"\n\t\t\tclass=\"wpforms-field wpforms-field-text\"\n\t\t\tdata-field-type=\"text\"\n\t\t\tdata-field-id=\"3\"\n\t\t\t>\n\t\t\t<label class=\"wpforms-field-label\" for=\"wpforms-123-field_3\" >Name Deine Email<\/label>\n\t\t\t<input type=\"text\" id=\"wpforms-123-field_3\" class=\"wpforms-field-medium\" name=\"wpforms[fields][3]\" >\n\t\t<\/div>\n\t\t<div id=\"wpforms-123-field_1-container\" class=\"wpforms-field wpforms-field-email\" data-field-id=\"1\"><label class=\"wpforms-field-label\" for=\"wpforms-123-field_1\">Email <span class=\"wpforms-required-label\">*<\/span><\/label><input type=\"email\" id=\"wpforms-123-field_1\" class=\"wpforms-field-medium wpforms-field-required\" name=\"wpforms[fields][1]\" spellcheck=\"false\" required><\/div><div id=\"wpforms-123-field_2-container\" class=\"wpforms-field wpforms-field-textarea\" data-field-id=\"2\"><label class=\"wpforms-field-label\" for=\"wpforms-123-field_2\">Deine Nachricht <span class=\"wpforms-required-label\">*<\/span><\/label><textarea id=\"wpforms-123-field_2\" class=\"wpforms-field-medium wpforms-field-required\" name=\"wpforms[fields][2]\" required><\/textarea><\/div><script>\n\t\t\t\t( function() {\n\t\t\t\t\tconst style = document.createElement( 'style' );\n\t\t\t\t\tstyle.appendChild( document.createTextNode( '#wpforms-123-field_3-container { position: absolute !important; overflow: hidden !important; display: inline !important; height: 1px !important; width: 1px !important; z-index: -1000 !important; padding: 0 !important; } #wpforms-123-field_3-container input { visibility: hidden; } #wpforms-conversational-form-page #wpforms-123-field_3-container label { counter-increment: none; }' ) );\n\t\t\t\t\tdocument.head.appendChild( style );\n\t\t\t\t\tdocument.currentScript?.remove();\n\t\t\t\t} )();\n\t\t\t<\/script><\/div><!-- .wpforms-field-container --><div class=\"wpforms-submit-container\" ><input type=\"hidden\" name=\"wpforms[id]\" value=\"123\"><input type=\"hidden\" name=\"page_title\" value=\"\"><input type=\"hidden\" name=\"page_url\" value=\"https:\/\/antoninosecchia.com\/en\/wp-json\/wp\/v2\/pages\/15\"><input type=\"hidden\" name=\"url_referer\" value=\"\"><button type=\"submit\" name=\"wpforms[submit]\" id=\"wpforms-submit-123\" class=\"wpforms-submit\" data-alt-text=\"Sending...\" data-submit-text=\"Submit\" aria-live=\"assertive\" value=\"wpforms-submit\">Submit<\/button><\/div><\/form><\/div>  <!-- .wpforms-container --><\/div>\n<\/div><\/div>\n","protected":false},"excerpt":{"rendered":"<p>Trommeln ist eine universelle Sprache. Egal ob im Einzelunterricht oder im Ensemble\/Gruppenunterricht spielen, egal ob Kinder oder Erwachsene, jeder kann trommeln. Man muss keine Noten lesen k\u00f6nnen oder Musiktheorie verstehen.<\/p>","protected":false},"author":1,"featured_media":84,"parent":0,"menu_order":0,"comment_status":"closed","ping_status":"closed","template":"","meta":{"neve_meta_sidebar":"","neve_meta_container":"","neve_meta_enable_content_width":"off","neve_meta_content_width":0,"neve_meta_title_alignment":"","neve_meta_author_avatar":"","neve_post_elements_order":"","neve_meta_disable_header":"","neve_meta_disable_footer":"","neve_meta_disable_title":"","_themeisle_gutenberg_block_has_review":false},"_links":{"self":[{"href":"https:\/\/antoninosecchia.com\/en\/wp-json\/wp\/v2\/pages\/15"}],"collection":[{"href":"https:\/\/antoninosecchia.com\/en\/wp-json\/wp\/v2\/pages"}],"about":[{"href":"https:\/\/antoninosecchia.com\/en\/wp-json\/wp\/v2\/types\/page"}],"author":[{"embeddable":true,"href":"https:\/\/antoninosecchia.com\/en\/wp-json\/wp\/v2\/users\/1"}],"replies":[{"embeddable":true,"href":"https:\/\/antoninosecchia.com\/en\/wp-json\/wp\/v2\/comments?post=15"}],"version-history":[{"count":38,"href":"https:\/\/antoninosecchia.com\/en\/wp-json\/wp\/v2\/pages\/15\/revisions"}],"predecessor-version":[{"id":418,"href":"https:\/\/antoninosecchia.com\/en\/wp-json\/wp\/v2\/pages\/15\/revisions\/418"}],"wp:featuredmedia":[{"embeddable":true,"href":"https:\/\/antoninosecchia.com\/en\/wp-json\/wp\/v2\/media\/84"}],"wp:attachment":[{"href":"https:\/\/antoninosecchia.com\/en\/wp-json\/wp\/v2\/media?parent=15"}],"curies":[{"name":"wp","href":"https:\/\/api.w.org\/{rel}","templated":true}]}}