{"id":13,"date":"2020-04-18T17:53:07","date_gmt":"2020-04-18T17:53:07","guid":{"rendered":"http:\/\/drumset-regensburg.de\/?page_id=13"},"modified":"2020-10-12T19:18:03","modified_gmt":"2020-10-12T19:18:03","slug":"biografie","status":"publish","type":"page","link":"https:\/\/antoninosecchia.com\/en\/biografie\/","title":{"rendered":"Biografie"},"content":{"rendered":"<div class=\"wp-block-themeisle-blocks-advanced-columns alignwide has-2-columns has-desktop-oneTwo-layout has-tablet-equal-layout has-mobile-collapsedRows-layout has-default-gap has-vertical-center\" id=\"wp-block-themeisle-blocks-advanced-columns-131d957e\"><div class=\"wp-block-themeisle-blocks-advanced-columns-overlay\"><\/div><div class=\"innerblocks-wrap\">\n<div class=\"wp-block-themeisle-blocks-advanced-column\" id=\"wp-block-themeisle-blocks-advanced-column-c0d4172b\">\n<h3 class=\"has-neve-button-color-color has-text-color wp-block-heading\">Antonino Secchia<\/h3>\n\n\n\n<h5 class=\"has-text-align-center wp-block-heading\">Professor f\u00fcr Schlagzeug und Percussion an der <strong>Univerit\u00e4t Regensburg<\/strong> sowie an der\u00a0 Sing- und <strong>Musikschule Regensburg<\/strong>.<\/h5>\n<\/div>\n\n\n\n<div class=\"wp-block-themeisle-blocks-advanced-column\" id=\"wp-block-themeisle-blocks-advanced-column-e7b1ad3f\">\n<figure class=\"wp-block-image size-large\"><img decoding=\"async\" loading=\"lazy\" width=\"1024\" height=\"684\" src=\"https:\/\/antoninosecchia.com\/wp-content\/uploads\/2020\/05\/Antonino-Secchia_biografie-1024x684.jpg\" alt=\"\" class=\"wp-image-129\" srcset=\"https:\/\/antoninosecchia.com\/wp-content\/uploads\/2020\/05\/Antonino-Secchia_biografie-1024x684.jpg 1024w, https:\/\/antoninosecchia.com\/wp-content\/uploads\/2020\/05\/Antonino-Secchia_biografie-300x200.jpg 300w, https:\/\/antoninosecchia.com\/wp-content\/uploads\/2020\/05\/Antonino-Secchia_biografie-768x513.jpg 768w, https:\/\/antoninosecchia.com\/wp-content\/uploads\/2020\/05\/Antonino-Secchia_biografie-930x620.jpg 930w, https:\/\/antoninosecchia.com\/wp-content\/uploads\/2020\/05\/Antonino-Secchia_biografie.jpg 1200w\" sizes=\"(max-width: 1024px) 100vw, 1024px\" \/><\/figure>\n<\/div>\n<\/div><\/div>\n\n\n\n<div class=\"wp-block-themeisle-blocks-advanced-columns alignwide has-2-columns has-desktop-equal-layout has-tablet-equal-layout has-mobile-collapsedRows-layout has-default-gap has-vertical-unset\" id=\"wp-block-themeisle-blocks-advanced-columns-58a4b4db\"><div class=\"wp-block-themeisle-blocks-advanced-columns-overlay\"><\/div><div class=\"innerblocks-wrap\">\n<div class=\"wp-block-themeisle-blocks-advanced-column\" id=\"wp-block-themeisle-blocks-advanced-column-0b9422e0\">\n<p class=\"has-text-align-left\">Antonino Secchia (geboren 1988) hat in <strong>seiner Heimat Italien<\/strong> zun\u00e4chst Schlagwerk bei Fulvia Ricevuto und Elektroakustische Komposition bei Domenico Sciajno am <a href=\"http:\/\/www.constp.it\/\" target=\"_blank\" rel=\"noreferrer noopener\">Conservatorio Antonio Scontrino<\/a> in Trapani studiert.&nbsp;<\/p>\n\n\n\n<p class=\"has-text-align-left\">Parallel zum Abschluss seiner Ausbildung in Februar 2010 nahm er bereits ein Studium an der Hochschule f\u00fcr Musik Franz Liszt Weimar als Erasmus-Stipendiat auf. Im Wintersemester. <\/p>\n\n\n\n<p class=\"has-text-align-left\">2010\/11 begann er in <strong>Weimar,<\/strong> gef\u00f6rdert von der Neuen Liszt Stiftung Weimar, sein Aufbaustudium Konzertexamen in den Schlagwerk-Klassen von Prof. Markus Leoson und Prof. Gerhard Gl\u00e4\u00dfer, welches er im November 2013 mit Auszeichnung absolvierte. Im M\u00e4rz 2013 <strong>gewann er ein Stipendium <\/strong>der YAMAHA Music Foundation of Europe.&nbsp;<\/p>\n\n\n\n<p><\/p>\n<\/div>\n\n\n\n<div class=\"wp-block-themeisle-blocks-advanced-column\" id=\"wp-block-themeisle-blocks-advanced-column-3f146c6f\">\n<figure class=\"wp-block-image size-large\"><img decoding=\"async\" loading=\"lazy\" width=\"684\" height=\"1024\" src=\"https:\/\/antoninosecchia.com\/wp-content\/uploads\/2020\/05\/Antonino-Secchia_GOLD-5-684x1024.jpg\" alt=\"\" class=\"wp-image-132\" srcset=\"https:\/\/antoninosecchia.com\/wp-content\/uploads\/2020\/05\/Antonino-Secchia_GOLD-5-684x1024.jpg 684w, https:\/\/antoninosecchia.com\/wp-content\/uploads\/2020\/05\/Antonino-Secchia_GOLD-5-200x300.jpg 200w, https:\/\/antoninosecchia.com\/wp-content\/uploads\/2020\/05\/Antonino-Secchia_GOLD-5-768x1150.jpg 768w, https:\/\/antoninosecchia.com\/wp-content\/uploads\/2020\/05\/Antonino-Secchia_GOLD-5-1026x1536.jpg 1026w, https:\/\/antoninosecchia.com\/wp-content\/uploads\/2020\/05\/Antonino-Secchia_GOLD-5-1368x2048.jpg 1368w, https:\/\/antoninosecchia.com\/wp-content\/uploads\/2020\/05\/Antonino-Secchia_GOLD-5-scaled.jpg 1710w\" sizes=\"(max-width: 684px) 100vw, 684px\" \/><\/figure>\n\n\n\n<div class=\"wp-block-group\"><div class=\"wp-block-group__inner-container is-layout-flow\">\n<p><em>Gold! @ Theater Altenburg Gera , November 2016<\/em> <\/p>\n<\/div><\/div>\n<\/div>\n<\/div><\/div>\n\n\n\n<div class=\"wp-block-columns is-layout-flex wp-container-4\">\n<div class=\"wp-block-column is-layout-flow\">\n<p class=\"has-text-align-center\"><strong>Als Pauker \/ Schlagwerker arbeitete er mit diversen Orchestern zusammen<\/strong>, darunter mit der <em>Staatskapelle Weimar<\/em>, der <em>Jenaer Philharmonie<\/em>, dem <em>G\u00f6ttinger&nbsp;Symphonie Orchester<\/em>, dem <em>Philharmonisches Orchester Altenburg\u2013Gera<\/em>, dem <em>Theater Rudolstadt<\/em> und dem <em>Landes Theater Niederbayern<\/em>.&nbsp;&nbsp;<\/p>\n<\/div>\n\n\n\n<div class=\"wp-block-column is-layout-flow\">\n<p class=\"has-text-align-center\"><strong>Antonino Secchia gastierte auf verschiedenen Festivals<\/strong>, darunter Isole in Musica, LiveIxem!, Audiovisiva \u2013 Milano, Suonafrancese und den Weimarer Fr\u00fchjahrstagen f\u00fcr Zeitgen\u00f6ssische Musik. Schloss Hundisburg Musik Festival, Reverb Festival, Regensburg Jazz Weekend.&nbsp;<\/p>\n<\/div>\n<\/div>\n\n\n\n<div class=\"wp-block-columns is-layout-flex wp-container-7\">\n<div class=\"wp-block-column is-layout-flow\" style=\"flex-basis:66.66%\">\n<figure class=\"wp-block-image size-large\"><img decoding=\"async\" loading=\"lazy\" width=\"1024\" height=\"683\" src=\"https:\/\/antoninosecchia.com\/wp-content\/uploads\/2020\/07\/DSC_0121-1024x683.jpg\" alt=\"\" class=\"wp-image-257\" srcset=\"https:\/\/antoninosecchia.com\/wp-content\/uploads\/2020\/07\/DSC_0121-1024x683.jpg 1024w, https:\/\/antoninosecchia.com\/wp-content\/uploads\/2020\/07\/DSC_0121-300x200.jpg 300w, https:\/\/antoninosecchia.com\/wp-content\/uploads\/2020\/07\/DSC_0121-768x512.jpg 768w, https:\/\/antoninosecchia.com\/wp-content\/uploads\/2020\/07\/DSC_0121-1536x1024.jpg 1536w, https:\/\/antoninosecchia.com\/wp-content\/uploads\/2020\/07\/DSC_0121-2048x1365.jpg 2048w, https:\/\/antoninosecchia.com\/wp-content\/uploads\/2020\/07\/DSC_0121-930x620.jpg 930w\" sizes=\"(max-width: 1024px) 100vw, 1024px\" \/><\/figure>\n<\/div>\n\n\n\n<div class=\"wp-block-column is-layout-flow\" style=\"flex-basis:33.33%\">\n<p class=\"has-text-align-center\"><strong>Als Solist ist er auch im Bereich Jazz aktiv <\/strong>(Vibraphon \/ Percussion), sowie im weiteren verschiedenen Formationen (wie z.B. dem Quartett Note Azure).&nbsp;<\/p>\n<\/div>\n<\/div>\n\n\n\n<div class=\"wp-block-themeisle-blocks-advanced-columns alignwide has-2-columns has-desktop-twoOne-layout has-tablet-equal-layout has-mobile-collapsedRows-layout has-default-gap has-vertical-center\" id=\"wp-block-themeisle-blocks-advanced-columns-8a040ba3\"><div class=\"wp-block-themeisle-blocks-advanced-columns-overlay\"><\/div><div class=\"innerblocks-wrap\">\n<div class=\"wp-block-themeisle-blocks-advanced-column\" id=\"wp-block-themeisle-blocks-advanced-column-a14502ed\">\n<figure class=\"wp-block-image size-large\"><img decoding=\"async\" loading=\"lazy\" width=\"1024\" height=\"576\" src=\"http:\/\/drumset-regensburg.de\/wp-content\/uploads\/2020\/05\/Antonino-Secchia-mit-Orchestra-1024x576.jpg\" alt=\"\" class=\"wp-image-134\" srcset=\"https:\/\/antoninosecchia.com\/wp-content\/uploads\/2020\/05\/Antonino-Secchia-mit-Orchestra-1024x576.jpg 1024w, https:\/\/antoninosecchia.com\/wp-content\/uploads\/2020\/05\/Antonino-Secchia-mit-Orchestra-300x169.jpg 300w, https:\/\/antoninosecchia.com\/wp-content\/uploads\/2020\/05\/Antonino-Secchia-mit-Orchestra-768x432.jpg 768w, https:\/\/antoninosecchia.com\/wp-content\/uploads\/2020\/05\/Antonino-Secchia-mit-Orchestra.jpg 1200w\" sizes=\"(max-width: 1024px) 100vw, 1024px\" \/><\/figure>\n<\/div>\n\n\n\n<div class=\"wp-block-themeisle-blocks-advanced-column\" id=\"wp-block-themeisle-blocks-advanced-column-8f112d8d\">\n<p class=\"has-text-align-center\">Seit einiger Zeit besch\u00e4ftigt er sich mit der <strong>Gestaltung und Bearbeitung eigener Kompositionen <\/strong>f\u00fcr das Musiktheater, Schauspiel und das Junges Theater und arbeitete mit den B\u00fchnen der Stadt Gera\/Altenburg, dem Theater Regensburg, dem Theater Impuls, dem Teamtheater M\u00fcnchen und dem Goethe Institut Palermo zusammen.<\/p>\n<\/div>\n<\/div><\/div>\n\n\n\n<div class=\"wp-block-themeisle-blocks-advanced-columns alignwide has-3-columns has-desktop-equal-layout has-tablet-equal-layout has-mobile-collapsedRows-layout has-default-gap has-vertical-unset\" id=\"wp-block-themeisle-blocks-advanced-columns-81bab5b5\"><div class=\"wp-block-themeisle-blocks-advanced-columns-overlay\"><\/div><div class=\"innerblocks-wrap\">\n<div class=\"wp-block-themeisle-blocks-advanced-column\" id=\"wp-block-themeisle-blocks-advanced-column-d81bf709\">\n<figure class=\"wp-block-image size-large\"><img decoding=\"async\" loading=\"lazy\" width=\"675\" height=\"675\" src=\"http:\/\/drumset-regensburg.de\/wp-content\/uploads\/2020\/05\/Antonino-Secchia-schlagzeug-unterricht.png\" alt=\"\" class=\"wp-image-109\" srcset=\"https:\/\/antoninosecchia.com\/wp-content\/uploads\/2020\/05\/Antonino-Secchia-schlagzeug-unterricht.png 675w, https:\/\/antoninosecchia.com\/wp-content\/uploads\/2020\/05\/Antonino-Secchia-schlagzeug-unterricht-300x300.png 300w, https:\/\/antoninosecchia.com\/wp-content\/uploads\/2020\/05\/Antonino-Secchia-schlagzeug-unterricht-150x150.png 150w\" sizes=\"(max-width: 675px) 100vw, 675px\" \/><\/figure>\n\n\n\n<h4 class=\"has-text-align-center wp-block-heading\"><a href=\"http:\/\/drumset-regensburg.de\/musikunterricht-in-regensburg\/\">Musikunterricht<\/a><\/h4>\n<\/div>\n\n\n\n<div class=\"wp-block-themeisle-blocks-advanced-column\" id=\"wp-block-themeisle-blocks-advanced-column-91d34777\">\n<figure class=\"wp-block-image size-large\"><img decoding=\"async\" loading=\"lazy\" width=\"675\" height=\"675\" src=\"http:\/\/drumset-regensburg.de\/wp-content\/uploads\/2020\/05\/antonino-secchia_projekte_musikteather.jpg\" alt=\"\" class=\"wp-image-138\" srcset=\"https:\/\/antoninosecchia.com\/wp-content\/uploads\/2020\/05\/antonino-secchia_projekte_musikteather.jpg 675w, https:\/\/antoninosecchia.com\/wp-content\/uploads\/2020\/05\/antonino-secchia_projekte_musikteather-300x300.jpg 300w, https:\/\/antoninosecchia.com\/wp-content\/uploads\/2020\/05\/antonino-secchia_projekte_musikteather-150x150.jpg 150w\" sizes=\"(max-width: 675px) 100vw, 675px\" \/><\/figure>\n\n\n\n<h4 class=\"has-text-align-center wp-block-heading\">Projekte<\/h4>\n<\/div>\n\n\n\n<div class=\"wp-block-themeisle-blocks-advanced-column\" id=\"wp-block-themeisle-blocks-advanced-column-ea0a926b\">\n<figure class=\"wp-block-image size-large\"><img decoding=\"async\" loading=\"lazy\" width=\"675\" height=\"675\" src=\"http:\/\/drumset-regensburg.de\/wp-content\/uploads\/2020\/05\/antonino-secchia_kontakt.jpg\" alt=\"\" class=\"wp-image-139\" srcset=\"https:\/\/antoninosecchia.com\/wp-content\/uploads\/2020\/05\/antonino-secchia_kontakt.jpg 675w, https:\/\/antoninosecchia.com\/wp-content\/uploads\/2020\/05\/antonino-secchia_kontakt-300x300.jpg 300w, https:\/\/antoninosecchia.com\/wp-content\/uploads\/2020\/05\/antonino-secchia_kontakt-150x150.jpg 150w\" sizes=\"(max-width: 675px) 100vw, 675px\" \/><\/figure>\n\n\n\n<h4 class=\"has-text-align-center wp-block-heading\">Kontakt<\/h4>\n<\/div>\n<\/div><\/div>","protected":false},"excerpt":{"rendered":"<p>Als Pauker \/ Schlagwerker arbeitete er mit diversen Orchestern zusammen, darunter mit der Staatskapelle Weimar, der Jenaer Philharmonie, dem G\u00f6ttinger&nbsp;Symphonie Orchester, dem Philharmonisches Orchester Altenburg\u2013Gera, dem Theater Rudolstadt und dem Landes Theater Niederbayern.&nbsp;&nbsp; Antonino Secchia gastierte auf verschiedenen Festivals, darunter Isole in Musica, LiveIxem!, Audiovisiva \u2013 Milano, Suonafrancese und den Weimarer Fr\u00fchjahrstagen f\u00fcr Zeitgen\u00f6ssische Musik.&hellip;&nbsp;<a href=\"https:\/\/antoninosecchia.com\/en\/biografie\/\" rel=\"bookmark\">Read More &raquo;<span class=\"screen-reader-text\">Biografie<\/span><\/a><\/p>","protected":false},"author":1,"featured_media":129,"parent":0,"menu_order":0,"comment_status":"closed","ping_status":"closed","template":"","meta":{"neve_meta_sidebar":"","neve_meta_container":"","neve_meta_enable_content_width":"off","neve_meta_content_width":0,"neve_meta_title_alignment":"","neve_meta_author_avatar":"","neve_post_elements_order":"","neve_meta_disable_header":"","neve_meta_disable_footer":"","neve_meta_disable_title":"on","_themeisle_gutenberg_block_has_review":false},"_links":{"self":[{"href":"https:\/\/antoninosecchia.com\/en\/wp-json\/wp\/v2\/pages\/13"}],"collection":[{"href":"https:\/\/antoninosecchia.com\/en\/wp-json\/wp\/v2\/pages"}],"about":[{"href":"https:\/\/antoninosecchia.com\/en\/wp-json\/wp\/v2\/types\/page"}],"author":[{"embeddable":true,"href":"https:\/\/antoninosecchia.com\/en\/wp-json\/wp\/v2\/users\/1"}],"replies":[{"embeddable":true,"href":"https:\/\/antoninosecchia.com\/en\/wp-json\/wp\/v2\/comments?post=13"}],"version-history":[{"count":14,"href":"https:\/\/antoninosecchia.com\/en\/wp-json\/wp\/v2\/pages\/13\/revisions"}],"predecessor-version":[{"id":261,"href":"https:\/\/antoninosecchia.com\/en\/wp-json\/wp\/v2\/pages\/13\/revisions\/261"}],"wp:featuredmedia":[{"embeddable":true,"href":"https:\/\/antoninosecchia.com\/en\/wp-json\/wp\/v2\/media\/129"}],"wp:attachment":[{"href":"https:\/\/antoninosecchia.com\/en\/wp-json\/wp\/v2\/media?parent=13"}],"curies":[{"name":"wp","href":"https:\/\/api.w.org\/{rel}","templated":true}]}}